{"id":4307,"date":"2025-06-29T15:19:47","date_gmt":"2025-06-29T15:19:47","guid":{"rendered":"https:\/\/shiftnowimpact.com\/?page_id=4307"},"modified":"2025-07-07T12:01:42","modified_gmt":"2025-07-07T12:01:42","slug":"nos-services","status":"publish","type":"page","link":"https:\/\/shiftnowimpact.com\/fr\/nos-services\/","title":{"rendered":"Nos Services"},"content":{"rendered":"<p><div class=\"fusion-fullwidth fullwidth-box fusion-builder-row-1 fusion-flex-container has-pattern-background has-mask-background nonhundred-percent-fullwidth non-hundred-percent-height-scrolling\" style=\"--awb-border-radius-top-left:0px;--awb-border-radius-top-right:0px;--awb-border-radius-bottom-right:0px;--awb-border-radius-bottom-left:0px;--awb-margin-top:50px;--awb-flex-wrap:wrap;\" ><div class=\"fusion-builder-row fusion-row fusion-flex-align-items-flex-start fusion-flex-content-wrap\" style=\"max-width:1248px;margin-left: calc(-4% \/ 2 );margin-right: calc(-4% \/ 2 );\"><div class=\"fusion-layout-column fusion_builder_column fusion-builder-column-0 fusion_builder_column_1_1 1_1 fusion-flex-column\" style=\"--awb-bg-size:cover;--awb-width-large:100%;--awb-margin-top-large:0px;--awb-spacing-right-large:1.92%;--awb-margin-bottom-large:0px;--awb-spacing-left-large:1.92%;--awb-width-medium:100%;--awb-order-medium:0;--awb-spacing-right-medium:1.92%;--awb-spacing-left-medium:1.92%;--awb-width-small:100%;--awb-order-small:0;--awb-spacing-right-small:1.92%;--awb-spacing-left-small:1.92%;\"><div class=\"fusion-column-wrapper fusion-column-has-shadow fusion-flex-justify-content-flex-start fusion-content-layout-column\"><div class=\"fusion-title title fusion-title-1 fusion-sep-none fusion-title-text fusion-title-size-one\"><h1 class=\"fusion-title-heading title-heading-left\" style=\"margin:0;text-transform:none;\">Formations \u2013 Communication Interculturelle<br \/>\n&amp; Accompagnement<\/h1><\/div><div class=\"fusion-separator\" style=\"align-self: flex-start;margin-right:auto;margin-top:25px;margin-bottom:25px;width:100%;max-width:80%;\"><div class=\"fusion-separator-border sep-single sep-solid\" style=\"--awb-height:20px;--awb-amount:20px;--awb-sep-color:var(--awb-color5);border-color:var(--awb-color5);border-top-width:1px;\"><\/div><\/div><\/div><\/div><\/div><\/div><div class=\"fusion-fullwidth fullwidth-box fusion-builder-row-2 fusion-flex-container has-pattern-background has-mask-background nonhundred-percent-fullwidth non-hundred-percent-height-scrolling\" style=\"--awb-border-radius-top-left:0px;--awb-border-radius-top-right:0px;--awb-border-radius-bottom-right:0px;--awb-border-radius-bottom-left:0px;--awb-padding-bottom:80px;--awb-flex-wrap:wrap;\" ><div class=\"fusion-builder-row fusion-row fusion-flex-align-items-flex-start fusion-flex-content-wrap\" style=\"max-width:1248px;margin-left: calc(-4% \/ 2 );margin-right: calc(-4% \/ 2 );\"><div class=\"fusion-layout-column fusion_builder_column fusion-builder-column-1 fusion_builder_column_3_5 3_5 fusion-flex-column\" style=\"--awb-padding-top:30px;--awb-padding-right:80px;--awb-padding-bottom:40px;--awb-bg-size:cover;--awb-width-large:60%;--awb-margin-top-large:0px;--awb-spacing-right-large:3.2%;--awb-margin-bottom-large:0px;--awb-spacing-left-large:3.2%;--awb-width-medium:60%;--awb-order-medium:0;--awb-spacing-right-medium:3.2%;--awb-spacing-left-medium:3.2%;--awb-width-small:100%;--awb-order-small:0;--awb-spacing-right-small:1.92%;--awb-spacing-left-small:1.92%;\"><div class=\"fusion-column-wrapper fusion-column-has-shadow fusion-flex-justify-content-flex-start fusion-content-layout-column\"><div class=\"fusion-text fusion-text-1 fusion-text-no-margin\" style=\"--awb-font-size:var(--awb-typography2-font-size);--awb-line-height:1.5;--awb-letter-spacing:var(--awb-typography2-letter-spacing);--awb-text-transform:var(--awb-typography2-text-transform);--awb-margin-bottom:30px;--awb-text-font-family:var(--awb-typography2-font-family);--awb-text-font-weight:var(--awb-typography2-font-weight);--awb-text-font-style:var(--awb-typography2-font-style);\"><p><a href=\"https:\/\/shiftnowimpact.com\/nos-services#formations\">Formation 2 jours<\/a>\u00a0 |\u00a0 <a href=\"https:\/\/shiftnowimpact.com\/nos-services#formations\">Formation 4 jours<\/a>\u00a0 |\u00a0 <a href=\"https:\/\/shiftnowimpact.com\/nos-services#formations\">Coaching individuel<\/a>\u00a0 |\u00a0 <a href=\"https:\/\/shiftnowimpact.com\/nos-services#formations\">Suivi &amp; accompagnement<\/a><\/p>\n<\/div><div class=\"fusion-text fusion-text-2\"><p>Transformez la collaboration au sein de vos \u00e9quipes gr\u00e2ce \u00e0 nos formations immersives en communication interculturelle. Gr\u00e2ce \u00e0 une approche bas\u00e9e sur l\u2019observation, les \u00e9changes et des m\u00e9thodes actives, nous identifions les d\u00e9fis sp\u00e9cifiques \u00e0 votre organisation pour proposer des solutions concr\u00e8tes et durables. Que ce soit sur 2 ou 4 jours, chaque parcours est pens\u00e9 pour favoriser la compr\u00e9hension mutuelle, la coh\u00e9sion et l\u2019efficacit\u00e9 collective. Des options de coaching individuel et de suivi post-formation sont \u00e9galement disponibles pour un accompagnement sur mesure.<\/p>\n<\/div><div class=\"fusion-text fusion-text-3 fusion-text-no-margin\" style=\"--awb-font-size:var(--awb-typography2-font-size);--awb-line-height:1.5;--awb-letter-spacing:var(--awb-typography2-letter-spacing);--awb-text-transform:var(--awb-typography2-text-transform);--awb-margin-bottom:30px;--awb-text-font-family:var(--awb-typography2-font-family);--awb-text-font-weight:var(--awb-typography2-font-weight);--awb-text-font-style:var(--awb-typography2-font-style);\"><p>Pr\u00eat \u00e0 faire \u00e9voluer votre organisation ?<br \/>\n<a href=\"https:\/\/shiftnowimpact.com\/contactez-nous\/\"><strong>Contactez-nous d\u00e8s maintenant.<\/strong><\/a><\/p>\n<\/div><\/div><\/div><div class=\"fusion-layout-column fusion_builder_column fusion-builder-column-2 fusion_builder_column_2_5 2_5 fusion-flex-column\" style=\"--awb-bg-size:cover;--awb-width-large:40%;--awb-margin-top-large:0px;--awb-spacing-right-large:4.8%;--awb-margin-bottom-large:0px;--awb-spacing-left-large:4.8%;--awb-width-medium:40%;--awb-order-medium:0;--awb-spacing-right-medium:4.8%;--awb-spacing-left-medium:4.8%;--awb-width-small:100%;--awb-order-small:0;--awb-spacing-right-small:1.92%;--awb-spacing-left-small:1.92%;\"><div class=\"fusion-column-wrapper fusion-column-has-shadow fusion-flex-justify-content-flex-start fusion-content-layout-column\"><div class=\"fusion-image-element \" style=\"--awb-caption-title-font-family:var(--h2_typography-font-family);--awb-caption-title-font-weight:var(--h2_typography-font-weight);--awb-caption-title-font-style:var(--h2_typography-font-style);--awb-caption-title-size:var(--h2_typography-font-size);--awb-caption-title-transform:var(--h2_typography-text-transform);--awb-caption-title-line-height:var(--h2_typography-line-height);--awb-caption-title-letter-spacing:var(--h2_typography-letter-spacing);\"><span class=\" fusion-imageframe imageframe-none imageframe-1 hover-type-none\"><img decoding=\"async\" width=\"720\" height=\"1080\" title=\"73fe999f-962f-431e-b9fd-a988b1d9414e\" src=\"https:\/\/shiftnowimpact.com\/wp-content\/uploads\/2025\/06\/73fe999f-962f-431e-b9fd-a988b1d9414e-1.png\" data-orig-src=\"https:\/\/shiftnowimpact.com\/wp-content\/uploads\/2025\/06\/73fe999f-962f-431e-b9fd-a988b1d9414e-1.png\" alt class=\"lazyload img-responsive wp-image-3994\" srcset=\"data:image\/svg+xml,%3Csvg%20xmlns%3D%27http%3A%2F%2Fwww.w3.org%2F2000%2Fsvg%27%20width%3D%27720%27%20height%3D%271080%27%20viewBox%3D%270%200%20720%201080%27%3E%3Crect%20width%3D%27720%27%20height%3D%271080%27%20fill-opacity%3D%220%22%2F%3E%3C%2Fsvg%3E\" data-srcset=\"https:\/\/shiftnowimpact.com\/wp-content\/uploads\/2025\/06\/73fe999f-962f-431e-b9fd-a988b1d9414e-1-200x300.png 200w, https:\/\/shiftnowimpact.com\/wp-content\/uploads\/2025\/06\/73fe999f-962f-431e-b9fd-a988b1d9414e-1-400x600.png 400w, https:\/\/shiftnowimpact.com\/wp-content\/uploads\/2025\/06\/73fe999f-962f-431e-b9fd-a988b1d9414e-1-600x900.png 600w, https:\/\/shiftnowimpact.com\/wp-content\/uploads\/2025\/06\/73fe999f-962f-431e-b9fd-a988b1d9414e-1.png 720w\" data-sizes=\"auto\" data-orig-sizes=\"(max-width: 800px) 100vw, 600px\" \/><\/span><\/div><\/div><\/div><\/div><\/div><div class=\"fusion-fullwidth fullwidth-box fusion-builder-row-3 fusion-flex-container has-pattern-background has-mask-background nonhundred-percent-fullwidth non-hundred-percent-height-scrolling\" style=\"--awb-border-radius-top-left:0px;--awb-border-radius-top-right:0px;--awb-border-radius-bottom-right:0px;--awb-border-radius-bottom-left:0px;--awb-padding-top:0px;--awb-padding-right:0px;--awb-padding-bottom:0px;--awb-padding-left:0px;--awb-margin-top:0px;--awb-margin-bottom:0px;--awb-flex-wrap:wrap;\" ><div class=\"fusion-builder-row fusion-row fusion-flex-align-items-flex-start fusion-flex-content-wrap\" style=\"max-width:1248px;margin-left: calc(-4% \/ 2 );margin-right: calc(-4% \/ 2 );\"><div class=\"fusion-layout-column fusion_builder_column fusion-builder-column-3 fusion_builder_column_1_1 1_1 fusion-flex-column\" style=\"--awb-bg-size:cover;--awb-width-large:100%;--awb-margin-top-large:0px;--awb-spacing-right-large:1.92%;--awb-margin-bottom-large:0px;--awb-spacing-left-large:1.92%;--awb-width-medium:100%;--awb-order-medium:0;--awb-spacing-right-medium:1.92%;--awb-spacing-left-medium:1.92%;--awb-width-small:100%;--awb-order-small:0;--awb-spacing-right-small:1.92%;--awb-spacing-left-small:1.92%;\"><div class=\"fusion-column-wrapper fusion-column-has-shadow fusion-flex-justify-content-flex-start fusion-content-layout-column\"><div class=\"fusion-menu-anchor\" id=\"formations\"><\/div><\/div><\/div><\/div><\/div><div class=\"fusion-fullwidth fullwidth-box fusion-builder-row-4 fusion-flex-container has-pattern-background has-mask-background nonhundred-percent-fullwidth non-hundred-percent-height-scrolling\" style=\"--awb-background-position:right top;--awb-background-position-small:left top;--awb-border-radius-top-left:0px;--awb-border-radius-top-right:0px;--awb-border-radius-bottom-right:0px;--awb-border-radius-bottom-left:0px;--awb-padding-top:120px;--awb-padding-bottom:120px;--awb-background-image:linear-gradient(90deg, hsla(var(--awb-custom_color_1-h),var(--awb-custom_color_1-s),calc(var(--awb-custom_color_1-l) - 5%),calc(var(--awb-custom_color_1-a) - 10%)) 0%,hsla(var(--awb-color5-h),var(--awb-color5-s),var(--awb-color5-l),calc(var(--awb-color5-a) - 15%)) 100%);--awb-flex-wrap:wrap;\" ><div class=\"fusion-builder-row fusion-row fusion-flex-align-items-flex-start fusion-flex-content-wrap\" style=\"max-width:1248px;margin-left: calc(-4% \/ 2 );margin-right: calc(-4% \/ 2 );\"><div class=\"fusion-layout-column fusion_builder_column fusion-builder-column-4 fusion-flex-column\" style=\"--awb-padding-right:10px;--awb-padding-left:10px;--awb-bg-size:cover;--awb-width-large:32%;--awb-margin-top-large:0px;--awb-spacing-right-large:6%;--awb-margin-bottom-large:0px;--awb-spacing-left-large:6%;--awb-width-medium:32%;--awb-order-medium:0;--awb-spacing-right-medium:6%;--awb-spacing-left-medium:6%;--awb-width-small:100%;--awb-order-small:0;--awb-spacing-right-small:1.92%;--awb-spacing-left-small:1.92%;\" data-scroll-devices=\"small-visibility,medium-visibility,large-visibility\"><div class=\"fusion-column-wrapper fusion-column-has-shadow fusion-flex-justify-content-flex-start fusion-content-layout-column\"><div class=\"fusion-text fusion-text-4 fusion-text-no-margin\" style=\"--awb-font-size:var(--awb-typography2-font-size);--awb-line-height:1.5;--awb-letter-spacing:var(--awb-typography2-letter-spacing);--awb-text-transform:var(--awb-typography2-text-transform);--awb-text-color:var(--awb-color1);--awb-margin-bottom:10px;--awb-text-font-family:var(--awb-typography2-font-family);--awb-text-font-weight:var(--awb-typography2-font-weight);--awb-text-font-style:var(--awb-typography2-font-style);\"><p><strong>Formation de 2 jours<\/strong><\/p>\n<\/div><div class=\"fusion-separator\" style=\"align-self: flex-start;margin-right:auto;margin-top:25px;margin-bottom:25px;width:100%;max-width:80%;\"><div class=\"fusion-separator-border sep-single sep-solid\" style=\"--awb-height:20px;--awb-amount:20px;--awb-sep-color:var(--awb-color5);border-color:var(--awb-color5);border-top-width:1px;\"><\/div><\/div><div class=\"fusion-text fusion-text-5 fusion-text-no-margin\" style=\"--awb-font-size:20px;--awb-line-height:1.5;--awb-letter-spacing:var(--awb-typography2-letter-spacing);--awb-text-transform:var(--awb-typography2-text-transform);--awb-text-color:var(--awb-color1);--awb-margin-bottom:30px;--awb-text-font-family:var(--awb-typography2-font-family);--awb-text-font-weight:var(--awb-typography2-font-weight);--awb-text-font-style:var(--awb-typography2-font-style);\"><p><strong>Prix pour les entreprises<\/strong> : \u20ac2 400<\/p>\n<p><strong>Prix pour les \u00e9coles<\/strong> : \u20ac1 400<\/p>\n<p><strong>Prix pour les associations<\/strong> : \u20ac1 700<\/p>\n<\/div><div class=\"fusion-text fusion-text-6\" style=\"--awb-text-color:var(--awb-color1);\"><p><strong>Ce que cela inclut :<\/strong><\/p>\n<ul>\n<li><strong>Jour 1<\/strong> : Interviews et observation (focus sur les d\u00e9fis de communication interculturelle, la collaboration et les diff\u00e9rences culturelles au sein de l\u2019\u00e9quipe)<\/li>\n<li><strong>Jour 2<\/strong> : Pr\u00e9sentation des r\u00e9sultats, formation cibl\u00e9e sur la communication interculturelle, m\u00e9thodes actives et discussion des r\u00e9sultats.<\/li>\n<\/ul>\n<\/div><div ><a class=\"fusion-button button-flat fusion-button-default-size button-default fusion-button-default button-1 fusion-button-default-span fusion-button-default-type\" target=\"_self\" href=\"https:\/\/shiftnowimpact.com\/contactez-nous\/\"><span class=\"fusion-button-text awb-button__text awb-button__text--default\">Je veux plus de d\u00e9tails<\/span><\/a><\/div><\/div><\/div><div class=\"fusion-layout-column fusion_builder_column fusion-builder-column-5 fusion-flex-column\" style=\"--awb-bg-size:cover;--awb-border-color:var(--awb-color5);--awb-border-left:2px;--awb-border-style:solid;--awb-width-large:2%;--awb-margin-top-large:0px;--awb-spacing-right-large:96%;--awb-margin-bottom-large:0px;--awb-spacing-left-large:96%;--awb-width-medium:2%;--awb-order-medium:0;--awb-spacing-right-medium:96%;--awb-spacing-left-medium:96%;--awb-width-small:100%;--awb-order-small:0;--awb-spacing-right-small:1.92%;--awb-spacing-left-small:1.92%;\" data-scroll-devices=\"small-visibility,medium-visibility,large-visibility\"><div class=\"fusion-column-wrapper fusion-column-has-shadow fusion-flex-justify-content-flex-start fusion-content-layout-column\"><\/div><\/div><div class=\"fusion-layout-column fusion_builder_column fusion-builder-column-6 fusion-flex-column\" style=\"--awb-padding-right:10px;--awb-padding-left:10px;--awb-bg-size:cover;--awb-border-color:var(--awb-color5);--awb-border-style:solid;--awb-width-large:32%;--awb-margin-top-large:0px;--awb-spacing-right-large:6%;--awb-margin-bottom-large:0px;--awb-spacing-left-large:6%;--awb-width-medium:32%;--awb-order-medium:0;--awb-spacing-right-medium:6%;--awb-spacing-left-medium:6%;--awb-width-small:100%;--awb-order-small:0;--awb-spacing-right-small:1.92%;--awb-spacing-left-small:1.92%;\" data-scroll-devices=\"small-visibility,medium-visibility,large-visibility\"><div class=\"fusion-column-wrapper fusion-column-has-shadow fusion-flex-justify-content-flex-start fusion-content-layout-column\"><div class=\"fusion-text fusion-text-7 fusion-text-no-margin\" style=\"--awb-font-size:var(--awb-typography2-font-size);--awb-line-height:1.5;--awb-letter-spacing:var(--awb-typography2-letter-spacing);--awb-text-transform:var(--awb-typography2-text-transform);--awb-text-color:var(--awb-color1);--awb-margin-bottom:10px;--awb-text-font-family:var(--awb-typography2-font-family);--awb-text-font-weight:var(--awb-typography2-font-weight);--awb-text-font-style:var(--awb-typography2-font-style);\"><p><strong>Formation de 4 jours<\/strong><\/p>\n<\/div><div class=\"fusion-separator\" style=\"align-self: flex-start;margin-right:auto;margin-top:25px;margin-bottom:25px;width:100%;max-width:80%;\"><div class=\"fusion-separator-border sep-single sep-solid\" style=\"--awb-height:20px;--awb-amount:20px;--awb-sep-color:var(--awb-color5);border-color:var(--awb-color5);border-top-width:1px;\"><\/div><\/div><div class=\"fusion-text fusion-text-8 fusion-text-no-margin\" style=\"--awb-font-size:20px;--awb-line-height:1.5;--awb-letter-spacing:var(--awb-typography2-letter-spacing);--awb-text-transform:var(--awb-typography2-text-transform);--awb-text-color:var(--awb-color1);--awb-margin-bottom:30px;--awb-text-font-family:var(--awb-typography2-font-family);--awb-text-font-weight:var(--awb-typography2-font-weight);--awb-text-font-style:var(--awb-typography2-font-style);\"><p><strong>Prix pour les entreprises<\/strong> : \u20ac4 400<\/p>\n<p><strong>Prix pour les \u00e9coles<\/strong> : \u20ac2 600<\/p>\n<p><strong>Prix pour les associations<\/strong> : \u20ac3 200<\/p>\n<\/div><div class=\"fusion-text fusion-text-9\" style=\"--awb-text-color:var(--awb-color1);\"><p><strong>Ce que cela inclut :<\/strong><\/p>\n<ul>\n<li><strong>Jour 1<\/strong> : Observation et interviews (avec les membres de l\u2019\u00e9quipe, la direction ou les b\u00e9n\u00e9voles, ax\u00e9 sur la communication interculturelle)<\/li>\n<li><strong>Jour 2<\/strong> : Th\u00e9orie, m\u00e9thodes actives et premi\u00e8re formation sur la communication interculturelle<\/li>\n<li><strong>Jour 3<\/strong> : M\u00e9thodes actives avanc\u00e9es, formations approfondies et d\u00e9veloppement de la communication interculturelle<\/li>\n<li><strong>Jour 4<\/strong> : Discussion des r\u00e9sultats, \u00e9laboration du plan d\u2019action et session de questions-r\u00e9ponses sur la communication interculturelle dans l&rsquo;organisation<\/li>\n<\/ul>\n<\/div><div ><a class=\"fusion-button button-flat fusion-button-default-size button-default fusion-button-default button-2 fusion-button-default-span fusion-button-default-type\" target=\"_self\" href=\"https:\/\/shiftnowimpact.com\/contactez-nous\/\"><span class=\"fusion-button-text awb-button__text awb-button__text--default\">Je veux plus de d\u00e9tails<\/span><\/a><\/div><\/div><\/div><div class=\"fusion-layout-column fusion_builder_column fusion-builder-column-7 fusion-flex-column\" style=\"--awb-bg-size:cover;--awb-width-large:2%;--awb-margin-top-large:0px;--awb-spacing-right-large:96%;--awb-margin-bottom-large:0px;--awb-spacing-left-large:96%;--awb-width-medium:2%;--awb-order-medium:0;--awb-spacing-right-medium:96%;--awb-spacing-left-medium:96%;--awb-width-small:100%;--awb-order-small:0;--awb-spacing-right-small:1.92%;--awb-spacing-left-small:1.92%;\" data-scroll-devices=\"small-visibility,medium-visibility,large-visibility\"><div class=\"fusion-column-wrapper fusion-column-has-shadow fusion-flex-justify-content-flex-start fusion-content-layout-column\"><\/div><\/div><div class=\"fusion-layout-column fusion_builder_column fusion-builder-column-8 fusion-flex-column\" style=\"--awb-padding-right:10px;--awb-padding-left:10px;--awb-bg-size:cover;--awb-border-color:var(--awb-color5);--awb-border-style:solid;--awb-width-large:32%;--awb-margin-top-large:0px;--awb-spacing-right-large:6%;--awb-margin-bottom-large:0px;--awb-spacing-left-large:6%;--awb-width-medium:32%;--awb-order-medium:0;--awb-spacing-right-medium:6%;--awb-spacing-left-medium:6%;--awb-width-small:100%;--awb-order-small:0;--awb-spacing-right-small:1.92%;--awb-spacing-left-small:1.92%;\" data-scroll-devices=\"small-visibility,medium-visibility,large-visibility\"><div class=\"fusion-column-wrapper fusion-column-has-shadow fusion-flex-justify-content-flex-start fusion-content-layout-column\"><div class=\"fusion-text fusion-text-10 fusion-text-no-margin\" style=\"--awb-font-size:var(--awb-typography2-font-size);--awb-line-height:1.5;--awb-letter-spacing:var(--awb-typography2-letter-spacing);--awb-text-transform:var(--awb-typography2-text-transform);--awb-text-color:var(--awb-color1);--awb-margin-bottom:10px;--awb-text-font-family:var(--awb-typography2-font-family);--awb-text-font-weight:var(--awb-typography2-font-weight);--awb-text-font-style:var(--awb-typography2-font-style);\"><p><strong>Options suppl\u00e9mentaires <\/strong><\/p>\n<\/div><div class=\"fusion-separator\" style=\"align-self: flex-start;margin-right:auto;margin-top:25px;margin-bottom:25px;width:100%;max-width:80%;\"><div class=\"fusion-separator-border sep-single sep-solid\" style=\"--awb-height:20px;--awb-amount:20px;--awb-sep-color:var(--awb-color5);border-color:var(--awb-color5);border-top-width:1px;\"><\/div><\/div><div class=\"fusion-text fusion-text-11 fusion-text-no-margin\" style=\"--awb-font-size:20px;--awb-line-height:1.5;--awb-letter-spacing:var(--awb-typography2-letter-spacing);--awb-text-transform:var(--awb-typography2-text-transform);--awb-text-color:var(--awb-color1);--awb-margin-bottom:30px;--awb-text-font-family:var(--awb-typography2-font-family);--awb-text-font-weight:var(--awb-typography2-font-weight);--awb-text-font-style:var(--awb-typography2-font-style);\"><p><strong>Coaching individuel<\/strong> : 175 \u20ac par heure<\/p>\n<p><strong>Suivi &amp; accompagnement (apr\u00e8s 3 ou 6 mois)<\/strong> : 750 \u20ac par session<\/p>\n<\/div><div ><a class=\"fusion-button button-flat fusion-button-default-size button-default fusion-button-default button-3 fusion-button-default-span fusion-button-default-type\" target=\"_self\" href=\"https:\/\/shiftnowimpact.com\/contactez-nous\/\"><span class=\"fusion-button-text awb-button__text awb-button__text--default\">Je veux plus de d\u00e9tails<\/span><\/a><\/div><\/div><\/div><\/div><\/div><\/p>\n","protected":false},"excerpt":{"rendered":"","protected":false},"author":1,"featured_media":0,"parent":0,"menu_order":0,"comment_status":"closed","ping_status":"closed","template":"100-width.php","meta":{"footnotes":""},"class_list":["post-4307","page","type-page","status-publish","hentry"],"_links":{"self":[{"href":"https:\/\/shiftnowimpact.com\/fr\/wp-json\/wp\/v2\/pages\/4307","targetHints":{"allow":["GET"]}}],"collection":[{"href":"https:\/\/shiftnowimpact.com\/fr\/wp-json\/wp\/v2\/pages"}],"about":[{"href":"https:\/\/shiftnowimpact.com\/fr\/wp-json\/wp\/v2\/types\/page"}],"author":[{"embeddable":true,"href":"https:\/\/shiftnowimpact.com\/fr\/wp-json\/wp\/v2\/users\/1"}],"replies":[{"embeddable":true,"href":"https:\/\/shiftnowimpact.com\/fr\/wp-json\/wp\/v2\/comments?post=4307"}],"version-history":[{"count":13,"href":"https:\/\/shiftnowimpact.com\/fr\/wp-json\/wp\/v2\/pages\/4307\/revisions"}],"predecessor-version":[{"id":4407,"href":"https:\/\/shiftnowimpact.com\/fr\/wp-json\/wp\/v2\/pages\/4307\/revisions\/4407"}],"wp:attachment":[{"href":"https:\/\/shiftnowimpact.com\/fr\/wp-json\/wp\/v2\/media?parent=4307"}],"curies":[{"name":"wp","href":"https:\/\/api.w.org\/{rel}","templated":true}]}}